{"id":30540,"date":"2020-10-26T16:54:41","date_gmt":"2020-10-26T15:54:41","guid":{"rendered":"https:\/\/homepage-angebot.de\/?page_id=30540"},"modified":"2025-07-22T16:37:55","modified_gmt":"2025-07-22T14:37:55","slug":"kontakt","status":"publish","type":"page","link":"https:\/\/meikowe.de\/en\/kontakt\/","title":{"rendered":"Contact"},"content":{"rendered":"<div class=\"wpb-content-wrapper\"><div class=\"vc_row wpb_row vc_row-fluid vc_row-o-content-middle vc_row-flex wpex-vc-full-width-row wpex-relative wpex-has-overlay vc_row-has-hadh-background-slider\" style=\"min-height:50vh;background-position:50% 50%!important;background-size:cover!important;\"><div class=\"hadh-background-slider hadh-background-slider--kenburns\" data-hadh-settings=\"{&quot;images&quot;:[{&quot;src&quot;:&quot;https:\\\/\\\/meikowe.de\\\/wp-content\\\/uploads\\\/2025\\\/07\\\/Kontakt.webp&quot;,&quot;alt&quot;:&quot;&quot;},{&quot;src&quot;:&quot;https:\\\/\\\/meikowe.de\\\/wp-content\\\/uploads\\\/2025\\\/07\\\/Kontakt-2.webp&quot;,&quot;alt&quot;:&quot;&quot;}],&quot;speed&quot;:10000,&quot;randomize&quot;:false,&quot;kenburns&quot;:true}\"><div class=\"hadh-background-slider__slides\"><\/div><\/div><div class=\"wpex-bg-overlay-wrap wpex-absolute wpex-inset-0 wpex-rounded-inherit\"><span class=\"wpex-bg-overlay color wpex-absolute wpex-inset-0 wpex-rounded-inherit wpex-opacity-60 wpex-bg-black\"><\/span><\/div><div class=\"wpb_column vc_column_container vc_col-sm-12\"><div class=\"vc_column-inner\"><div class=\"wpb_wrapper\"><style>.vcex-heading.vcex_69d6f3623e208{color:#ffffff;}<\/style><h1 class=\"vcex-heading vcex-heading-plain vcex-module wpex-heading wpex-text-2xl wpex-text-center vcex_69d6f3623e208\"><span class=\"vcex-heading-inner wpex-inline-block\">Kontakt<\/span><\/h1><div class=\"vcex-spacing wpex-w-100 wpex-clear\" style=\"height:20px;\"><\/div><\/div><\/div><\/div><\/div><div class=\"vc_row wpb_row vc_row-fluid vc_row-o-equal-height vc_row-o-content-middle vc_row-flex wpex-vc-full-width-row wpex-vc-full-width-row--centered wpex-relative\" data-ls_id=\"#start\" tabindex=\"-1\"><div class=\"wpb_column vc_column_container vc_col-sm-12\"><div class=\"vc_column-inner\"><div class=\"wpb_wrapper\"><div class=\"vcex-spacing wpex-w-100 wpex-clear\" style=\"height:40px;\"><\/div><h2 class=\"vcex-heading vcex-heading-plain vcex-module wpex-heading wpex-text-2xl wpex-text-center\"><span class=\"vcex-heading-inner wpex-inline-block\">Nehmen Sie Kontakt zu uns auf<\/span><\/h2><div class=\"vc_separator wpb_content_element vc_separator_align_center vc_sep_width_20 vc_sep_border_width_2 vc_sep_pos_align_center wpb_content_element\" ><span class=\"vc_sep_holder vc_sep_holder_l\"><span style=\"border-color:#E30613;\" class=\"vc_sep_line\"><\/span><\/span><div class=\"vc_icon_element vc_icon_element-outer vc_do_icon vc_icon_element-align-left\"><div class=\"vc_icon_element-inner vc_icon_element-color-custom vc_icon_element-size-sm vc_icon_element-style- vc_icon_element-background-color-grey\" ><span class=\"vc_icon_element-icon entypo-icon entypo-icon-down-open-mini\" ><\/span><\/div><\/div><span class=\"vc_sep_holder vc_sep_holder_r\"><span style=\"border-color:#E30613;\" class=\"vc_sep_line\"><\/span><\/span>\n<\/div><div class=\"vcex-spacing wpex-w-100 wpex-clear\" style=\"height:10px;\"><\/div><h3 class=\"vcex-heading vcex-heading-plain vcex-module wpex-heading wpex-text-2xl wpex-text-center\"><span class=\"vcex-heading-inner wpex-inline-block\">Sie haben Fragen oder ben\u00f6tigen Informationen \u00fcber unsere Dienstleistungen?<\/span><\/h3><div class=\"vcex-spacing wpex-w-100 wpex-clear\" style=\"height:30px;\"><\/div>\n\t<div style=\"text-align:center;\" class=\"wpb_text_column wpb_content_element\" >\n\t\t<div class=\"wpb_wrapper\">\n\t\t\t<div class=\"wpb_text_column wpb_content_element\">\n<div class=\"wpb_wrapper\">\n<p data-start=\"180\" data-end=\"285\">Wir sind gerne f\u00fcr Sie da! Kontaktieren Sie uns, und wir helfen Ihnen schnell und unkompliziert weiter.<\/p>\n<\/div>\n<\/div>\n\n\t\t<\/div>\n\t<\/div>\n<\/div><\/div><\/div><div class=\"wpb_column vc_column_container vc_col-sm-12\"><div class=\"vc_column-inner\"><div class=\"wpb_wrapper\"><div class=\"vcex-spacing wpex-w-100 wpex-clear\" style=\"height:40px;\"><\/div><\/div><\/div><\/div><\/div><div class=\"vc_row wpb_row vc_row-fluid kontaktcont vc_row-o-equal-height vc_row-o-content-top vc_row-flex wpex-relative\" style=\"background-position:50% 50%!important;background-size:cover!important;\"><div class=\"wpb_column leftkont vc_column_container vc_col-sm-4\"><div class=\"vc_column-inner\"><div class=\"wpb_wrapper\"><div class=\"vcex-spacing wpex-w-100 wpex-clear\" style=\"height:20px;\"><\/div>\n\t<div style=\"color:#ffffff;\" class=\"wpb_text_column has-custom-color wpex-child-inherit-color wpb_content_element\" >\n\t\t<div class=\"wpb_wrapper\">\n\t\t\t<div class=\"wpb_text_column has-custom-color wpex-child-inherit-color wpb_content_element \">\n<div class=\"wpb_wrapper\">\n<p>Kontaktieren Sie uns<\/p>\n<\/div>\n<\/div>\n\n\t\t<\/div>\n\t<\/div>\n<div class=\"vcex-spacing wpex-w-100 wpex-clear\" style=\"height:50px;\"><\/div>\n\t<div style=\"color:#ffffff;font-weight:700;\" class=\"wpb_text_column has-custom-color wpex-child-inherit-color wpb_content_element\" >\n\t\t<div class=\"wpb_wrapper\">\n\t\t\t<p>Meikowe Elektro-u. Teleservice GmbH <\/p>\n\n\t\t<\/div>\n\t<\/div>\n<div class=\"vcex-spacing wpex-w-100 wpex-clear\" style=\"height:20px;\"><\/div><style>.vcex-icon-box.vcex_69d6f3624353e .vcex-icon-box-content{color:#ffffff;}.vcex-icon-box.vcex_69d6f3624353e .vcex-icon-box-icon{color:#ffffff;}.vcex-icon-box.vcex_69d6f3624353e .vcex-icon-box-symbol{width:25px;}<\/style><a class=\"vcex-module vcex-icon-box vcex-icon-box-one vcex-icon-box-has-link wpex-inherit-color wpex-no-underline wpex-flex wpex-text-left vcex_69d6f3624353e\" href=\"tel:+49655892920\"><div class=\"vcex-icon-box-symbol vcex-icon-box-symbol--icon wpex-flex-shrink-0 wpex-mr-20\"><div class=\"vcex-icon-box-icon wpex-items-center wpex-justify-center wpex-child-inherit-color wpex-text-center wpex-leading-none wpex-flex wpex-w-100 wpex-text-1\"><span class=\"wpex-flex wpex-icon\" aria-hidden=\"true\"><svg xmlns=\"http:\/\/www.w3.org\/2000\/svg\" viewBox=\"0 0 512 512\"><path d=\"M164.9 24.6c-7.7-18.6-28-28.5-47.4-23.2l-88 24C12.1 30.2 0 46 0 64C0 311.4 200.6 512 448 512c18 0 33.8-12.1 38.6-29.5l24-88c5.3-19.4-4.6-39.7-23.2-47.4l-96-40c-16.3-6.8-35.2-2.1-46.3 11.6L304.7 368C234.3 334.7 177.3 277.7 144 207.3L193.3 167c13.7-11.2 18.4-30 11.6-46.3l-40-96z\"\/><\/svg><\/span><\/div><\/div><div class=\"vcex-icon-box-text wpex-flex-grow\"><div class=\"vcex-icon-box-content wpex-last-mb-0 wpex-clr\"><p>+49 (0) 6558 &#8211; 9292-0<\/p>\n<\/div><\/div><\/a><div class=\"vcex-spacing wpex-w-100 wpex-clear\" style=\"height:20px;\"><\/div><style>.vcex-icon-box.vcex_69d6f362444d4 .vcex-icon-box-content{color:#ffffff;}.vcex-icon-box.vcex_69d6f362444d4 .vcex-icon-box-icon{color:#ffffff;}.vcex-icon-box.vcex_69d6f362444d4 .vcex-icon-box-symbol{width:25px;}<\/style><a class=\"vcex-module vcex-icon-box vcex-icon-box-one vcex-icon-box-has-link wpex-inherit-color wpex-no-underline wpex-flex wpex-text-left vcex_69d6f362444d4\" href=\"mailto:in&#102;&#111;&#064;&#109;&#101;&#105;&#107;&#111;&#119;e&#046;&#100;&#101;\"><div class=\"vcex-icon-box-symbol vcex-icon-box-symbol--icon wpex-flex-shrink-0 wpex-mr-20\"><div class=\"vcex-icon-box-icon wpex-items-center wpex-justify-center wpex-child-inherit-color wpex-text-center wpex-leading-none wpex-flex wpex-w-100 wpex-text-1\"><span class=\"wpex-flex wpex-icon\" aria-hidden=\"true\"><svg xmlns=\"http:\/\/www.w3.org\/2000\/svg\" viewBox=\"0 0 32 32\"><path d=\"M26.321 16.304l0.696 0.911q0.143 0.196 0.116 0.42t-0.205 0.366q-0.768 0.607-2.259 1.759t-2.616 2.018-1.196 0.92q-0.696 0.571-1.071 0.857t-1.080 0.732-1.366 0.652-1.321 0.205h-0.036q-0.661 0-1.321-0.205t-1.357-0.652-1.089-0.741-1.071-0.848q-0.089-0.071-1.161-0.902t-2.563-1.982-2.188-1.688q-0.196-0.143-0.223-0.366t0.116-0.42l0.661-0.929q0.143-0.196 0.384-0.232t0.438 0.125q1.679 1.304 5.464 4.214 0.089 0.071 0.777 0.625t1.080 0.83 1.009 0.58 1.045 0.304h0.036q0.429 0 1.045-0.304t1.009-0.58 1.080-0.83 0.777-0.625q4.607-3.536 5.589-4.321 0.196-0.143 0.429-0.116t0.375 0.223zM29.714 29.143v-16.571q-1.607-1.482-2.839-2.482-1.625-1.321-6.946-5.429-0.054-0.036-0.768-0.625t-1.089-0.857-1-0.58-1.054-0.313h-0.036q-0.429 0-1.054 0.313t-1 0.58-1.089 0.857-0.768 0.625q-3.839 2.964-5.634 4.384t-2.313 1.857-1.464 1.33q-0.25 0.214-0.375 0.339v16.571q0 0.232 0.17 0.402t0.402 0.17h26.286q0.232 0 0.402-0.17t0.17-0.402zM32 12.571v16.571q0 1.179-0.839 2.018t-2.018 0.839h-26.286q-1.179 0-2.018-0.839t-0.839-2.018v-16.571q0-1 0.732-1.679 2.196-2.036 6.25-5.188t4.161-3.241q0.643-0.536 1.054-0.848t1.098-0.75 1.357-0.652 1.33-0.214h0.036q0.661 0 1.33 0.214t1.357 0.652 1.098 0.75 1.054 0.848q0.768 0.643 2.786 2.179t4.036 3.161 3.589 3.089q0.732 0.679 0.732 1.679z\"><\/path><\/svg><\/span><\/div><\/div><div class=\"vcex-icon-box-text wpex-flex-grow\"><div class=\"vcex-icon-box-content wpex-last-mb-0 wpex-clr\"><p>info@meikowe.de<\/p>\n<\/div><\/div><\/a><div class=\"vcex-spacing wpex-w-100 wpex-clear\" style=\"height:20px;\"><\/div><style>.vcex-icon-box.vcex_69d6f3624502c .vcex-icon-box-content{color:#ffffff;}.vcex-icon-box.vcex_69d6f3624502c .vcex-icon-box-icon{color:#ffffff;}.vcex-icon-box.vcex_69d6f3624502c .vcex-icon-box-symbol{width:25px;}<\/style><div class=\"vcex-module vcex-icon-box vcex-icon-box-one wpex-flex wpex-text-left vcex_69d6f3624502c\"><div class=\"vcex-icon-box-symbol vcex-icon-box-symbol--icon wpex-flex-shrink-0 wpex-mr-20\"><div class=\"vcex-icon-box-icon wpex-items-center wpex-justify-center wpex-child-inherit-color wpex-text-center wpex-leading-none wpex-flex wpex-w-100 wpex-text-1\"><span class=\"wpex-flex wpex-icon\" aria-hidden=\"true\"><svg xmlns=\"http:\/\/www.w3.org\/2000\/svg\" viewBox=\"0 0 18 32\"><path d=\"M13.714 11.429q0-1.893-1.339-3.232t-3.232-1.339-3.232 1.339-1.339 3.232 1.339 3.232 3.232 1.339 3.232-1.339 1.339-3.232zM18.286 11.429q0 1.946-0.589 3.196l-6.5 13.821q-0.286 0.589-0.848 0.929t-1.205 0.339-1.205-0.339-0.83-0.929l-6.518-13.821q-0.589-1.25-0.589-3.196 0-3.786 2.679-6.464t6.464-2.679 6.464 2.679 2.679 6.464z\"><\/path><\/svg><\/span><\/div><\/div><div class=\"vcex-icon-box-text wpex-flex-grow\"><div class=\"vcex-icon-box-content wpex-last-mb-0 wpex-clr\"><p>Gewerbegebiet 1<br \/>\n54597 Fleringen<\/p>\n<\/div><\/div><\/div><div class=\"vcex-spacing wpex-w-100 wpex-clear\" style=\"height:20px;\"><\/div><\/div><\/div><\/div><div class=\"wpb_column rightkont vc_column_container vc_col-sm-8\"><div class=\"vc_column-inner\"><div class=\"wpb_wrapper\"><div class=\"wpforms-container wpforms-container-full\" id=\"wpforms-30883\"><form id=\"wpforms-form-30883\" class=\"wpforms-validate wpforms-form wpforms-ajax-form\" data-formid=\"30883\" method=\"post\" enctype=\"multipart\/form-data\" action=\"\/en\/wp-json\/wp\/v2\/pages\/30540\" data-token=\"e358dc453b96b31555dd212668cb36e7\" data-token-time=\"1775694690\"><noscript class=\"wpforms-error-noscript\">Please enable JavaScript in your browser to complete this form.<\/noscript><div class=\"wpforms-field-container\"><div id=\"wpforms-30883-field_1-container\" class=\"wpforms-field wpforms-field-name\" data-field-id=\"1\"><label class=\"wpforms-field-label wpforms-label-hide\" for=\"wpforms-30883-field_1\">Name <span class=\"wpforms-required-label\">*<\/span><\/label><div class=\"wpforms-field-row wpforms-field-large\"><div class=\"wpforms-field-row-block wpforms-first wpforms-one-half\"><input type=\"text\" id=\"wpforms-30883-field_1\" class=\"wpforms-field-name-first wpforms-field-required\" name=\"wpforms[fields][1][first]\" placeholder=\"Vorname*\" required><label for=\"wpforms-30883-field_1\" class=\"wpforms-field-sublabel after wpforms-sublabel-hide\">First<\/label><\/div><div class=\"wpforms-field-row-block wpforms-one-half\"><input type=\"text\" id=\"wpforms-30883-field_1-last\" class=\"wpforms-field-name-last wpforms-field-required\" name=\"wpforms[fields][1][last]\" placeholder=\"Nachname*\" required><label for=\"wpforms-30883-field_1-last\" class=\"wpforms-field-sublabel after wpforms-sublabel-hide\">Last<\/label><\/div><\/div><\/div><div id=\"wpforms-30883-field_2-container\" class=\"wpforms-field wpforms-field-email wpforms-one-half wpforms-first\" data-field-id=\"2\"><label class=\"wpforms-field-label wpforms-label-hide\" for=\"wpforms-30883-field_2\">E-Mail <span class=\"wpforms-required-label\">*<\/span><\/label><input type=\"email\" id=\"wpforms-30883-field_2\" class=\"wpforms-field-large wpforms-field-required\" name=\"wpforms[fields][2]\" placeholder=\"E-Mail-Adresse*\" spellcheck=\"false\" required><\/div><div id=\"wpforms-30883-field_3-container\" class=\"wpforms-field wpforms-field-text wpforms-one-half\" data-field-id=\"3\"><label class=\"wpforms-field-label wpforms-label-hide\" for=\"wpforms-30883-field_3\">Betreff<\/label><input type=\"text\" id=\"wpforms-30883-field_3\" class=\"wpforms-field-large\" name=\"wpforms[fields][3]\" placeholder=\"Betreff\" ><\/div><div id=\"wpforms-30883-field_4-container\" class=\"wpforms-field wpforms-field-textarea\" data-field-id=\"4\"><label class=\"wpforms-field-label wpforms-label-hide\" for=\"wpforms-30883-field_4\">Nachricht <span class=\"wpforms-required-label\">*<\/span><\/label><textarea id=\"wpforms-30883-field_4\" class=\"wpforms-field-large wpforms-field-required\" name=\"wpforms[fields][4]\" placeholder=\"Nachricht*\" required><\/textarea><\/div><div id=\"wpforms-30883-field_7-container\" class=\"wpforms-field wpforms-field-checkbox wpforms-conditional-trigger\" data-field-id=\"7\"><label class=\"wpforms-field-label wpforms-label-hide\">Ich bitte um einen R\u00fcckruf<\/label><ul id=\"wpforms-30883-field_7\"><li class=\"choice-1 depth-1\"><input type=\"checkbox\" id=\"wpforms-30883-field_7_1\" name=\"wpforms[fields][7][]\" value=\"Ich bitte um einen R\u00fcckruf\"  ><label class=\"wpforms-field-label-inline\" for=\"wpforms-30883-field_7_1\">Ich bitte um einen R\u00fcckruf<\/label><\/li><\/ul><\/div><div id=\"wpforms-30883-field_6-container\" class=\"wpforms-field wpforms-field-text wpforms-conditional-field wpforms-conditional-show\" data-field-id=\"6\" style=\"display:none;\"><label class=\"wpforms-field-label wpforms-label-hide\" for=\"wpforms-30883-field_6\">Telefonnummer* <span class=\"wpforms-required-label\">*<\/span><\/label><input type=\"text\" id=\"wpforms-30883-field_6\" class=\"wpforms-field-large wpforms-field-required\" name=\"wpforms[fields][6]\" placeholder=\"Telefonnummer*\" required><\/div><div id=\"wpforms-30883-field_5-container\" class=\"wpforms-field wpforms-field-checkbox\" data-field-id=\"5\"><label class=\"wpforms-field-label wpforms-label-hide\">Datenschutz <span class=\"wpforms-required-label\">*<\/span><\/label><ul id=\"wpforms-30883-field_5\" class=\"wpforms-field-required\"><li class=\"choice-1 depth-1\"><input type=\"checkbox\" id=\"wpforms-30883-field_5_1\" name=\"wpforms[fields][5][]\" value=\"Die Kenntnisnahme der &lt;a href=&quot;https:\/\/meikowe.de\/datenschutz&quot;&gt;Datenschutzerkl\u00e4rung&lt;\/a&gt; wird best\u00e4tigt und akzeptiert*\" required ><label class=\"wpforms-field-label-inline\" for=\"wpforms-30883-field_5_1\">Die Kenntnisnahme der <a href=\"https:\/\/meikowe.de\/datenschutz\">Datenschutzerkl\u00e4rung<\/a> wird best\u00e4tigt und akzeptiert*<\/label><\/li><\/ul><\/div><\/div><!-- .wpforms-field-container --><div class=\"wpforms-submit-container\" ><input type=\"hidden\" name=\"wpforms[id]\" value=\"30883\"><input type=\"hidden\" name=\"page_title\" value=\"\"><input type=\"hidden\" name=\"page_url\" value=\"https:\/\/meikowe.de\/en\/wp-json\/wp\/v2\/pages\/30540\"><input type=\"hidden\" name=\"url_referer\" value=\"\"><button type=\"submit\" name=\"wpforms[submit]\" id=\"wpforms-submit-30883\" class=\"wpforms-submit\" data-alt-text=\"Senden\u2026\" data-submit-text=\"Absenden\" aria-live=\"assertive\" value=\"wpforms-submit\">Absenden<\/button><img src=\"https:\/\/meikowe.de\/wp-content\/plugins\/wpforms\/assets\/images\/submit-spin.svg\" class=\"wpforms-submit-spinner\" style=\"display: none;\" width=\"26\" height=\"26\" alt=\"Loading\"><\/div><\/form><\/div>  <!-- .wpforms-container --><\/div><\/div><\/div><\/div><div class=\"vc_row wpb_row vc_row-fluid wpex-relative\"><div class=\"wpb_column vc_column_container vc_col-sm-12\"><div class=\"vc_column-inner\"><div class=\"wpb_wrapper\"><div class=\"vcex-spacing wpex-w-100 wpex-clear\" style=\"height:50px;\"><\/div><\/div><\/div><\/div><\/div>\n<\/div>","protected":false},"excerpt":{"rendered":"KontaktNehmen Sie Kontakt zu uns auf Sie haben Fragen oder ben\u00f6tigen Informationen \u00fcber unsere Dienstleistungen? Wir sind gerne f\u00fcr Sie da! Kontaktieren Sie uns, und wir helfen Ihnen schnell und unkompliziert weiter. Kontaktieren Sie uns Meikowe Elektro-u. Teleservice GmbH +49 (0) 6558 &#8211; 9292-0 info@meikowe.de Gewerbegebiet 1 54597 Fleringen Please enable JavaScript in your browser&hellip;","protected":false},"author":5,"featured_media":0,"parent":0,"menu_order":0,"comment_status":"closed","ping_status":"closed","template":"","meta":{"footnotes":""},"class_list":["post-30540","page","type-page","status-publish","hentry","entry","no-media"],"yoast_head":"<!-- This site is optimized with the Yoast SEO plugin v27.3 - https:\/\/yoast.com\/product\/yoast-seo-wordpress\/ -->\n<title>Kontakt - Meikowe Elektro- und Teleservice GmbH<\/title>\n<meta name=\"robots\" content=\"index, follow, max-snippet:-1, max-image-preview:large, max-video-preview:-1\" \/>\n<link rel=\"canonical\" href=\"https:\/\/meikowe.de\/en\/kontakt\/\" \/>\n<meta property=\"og:locale\" content=\"en_US\" \/>\n<meta property=\"og:type\" content=\"article\" \/>\n<meta property=\"og:title\" content=\"Kontakt - Meikowe Elektro- und Teleservice GmbH\" \/>\n<meta property=\"og:url\" content=\"https:\/\/meikowe.de\/en\/kontakt\/\" \/>\n<meta property=\"og:site_name\" content=\"Meikowe Elektro- und Teleservice GmbH\" \/>\n<meta property=\"article:modified_time\" content=\"2025-07-22T14:37:55+00:00\" \/>\n<meta name=\"twitter:card\" content=\"summary_large_image\" \/>\n<meta name=\"twitter:label1\" content=\"Est. reading time\" \/>\n\t<meta name=\"twitter:data1\" content=\"2 minutes\" \/>\n<script type=\"application\/ld+json\" class=\"yoast-schema-graph\">{\"@context\":\"https:\\\/\\\/schema.org\",\"@graph\":[{\"@type\":\"WebPage\",\"@id\":\"https:\\\/\\\/meikowe.de\\\/kontakt\\\/\",\"url\":\"https:\\\/\\\/meikowe.de\\\/kontakt\\\/\",\"name\":\"Kontakt - Meikowe Elektro- und Teleservice GmbH\",\"isPartOf\":{\"@id\":\"https:\\\/\\\/meikowe.de\\\/#website\"},\"datePublished\":\"2020-10-26T15:54:41+00:00\",\"dateModified\":\"2025-07-22T14:37:55+00:00\",\"breadcrumb\":{\"@id\":\"https:\\\/\\\/meikowe.de\\\/kontakt\\\/#breadcrumb\"},\"inLanguage\":\"en-US\",\"potentialAction\":[{\"@type\":\"ReadAction\",\"target\":[\"https:\\\/\\\/meikowe.de\\\/kontakt\\\/\"]}]},{\"@type\":\"BreadcrumbList\",\"@id\":\"https:\\\/\\\/meikowe.de\\\/kontakt\\\/#breadcrumb\",\"itemListElement\":[{\"@type\":\"ListItem\",\"position\":1,\"name\":\"Startseite\",\"item\":\"https:\\\/\\\/meikowe.de\\\/\"},{\"@type\":\"ListItem\",\"position\":2,\"name\":\"Kontakt\"}]},{\"@type\":\"WebSite\",\"@id\":\"https:\\\/\\\/meikowe.de\\\/#website\",\"url\":\"https:\\\/\\\/meikowe.de\\\/\",\"name\":\"Meikowe Elektro- und Teleservice GmbH\",\"description\":\"Ihr Spezialist f\u00fcr Elektrotechnik, Elektroger\u00e4te, Sicherheitstechnik und Photovoltaik.\",\"publisher\":{\"@id\":\"https:\\\/\\\/meikowe.de\\\/#organization\"},\"potentialAction\":[{\"@type\":\"SearchAction\",\"target\":{\"@type\":\"EntryPoint\",\"urlTemplate\":\"https:\\\/\\\/meikowe.de\\\/?s={search_term_string}\"},\"query-input\":{\"@type\":\"PropertyValueSpecification\",\"valueRequired\":true,\"valueName\":\"search_term_string\"}}],\"inLanguage\":\"en-US\"},{\"@type\":\"Organization\",\"@id\":\"https:\\\/\\\/meikowe.de\\\/#organization\",\"name\":\"Meikowe Elektro- und Teleservice GmbH\",\"url\":\"https:\\\/\\\/meikowe.de\\\/\",\"logo\":{\"@type\":\"ImageObject\",\"inLanguage\":\"en-US\",\"@id\":\"https:\\\/\\\/meikowe.de\\\/#\\\/schema\\\/logo\\\/image\\\/\",\"url\":\"https:\\\/\\\/meikowe.de\\\/wp-content\\\/uploads\\\/2025\\\/06\\\/Meikowe-Elektrotechnik.png\",\"contentUrl\":\"https:\\\/\\\/meikowe.de\\\/wp-content\\\/uploads\\\/2025\\\/06\\\/Meikowe-Elektrotechnik.png\",\"width\":531,\"height\":125,\"caption\":\"Meikowe Elektro- und Teleservice GmbH\"},\"image\":{\"@id\":\"https:\\\/\\\/meikowe.de\\\/#\\\/schema\\\/logo\\\/image\\\/\"}}]}<\/script>\n<!-- \/ Yoast SEO plugin. -->","yoast_head_json":{"title":"Kontakt - Meikowe Elektro- und Teleservice GmbH","robots":{"index":"index","follow":"follow","max-snippet":"max-snippet:-1","max-image-preview":"max-image-preview:large","max-video-preview":"max-video-preview:-1"},"canonical":"https:\/\/meikowe.de\/en\/kontakt\/","og_locale":"en_US","og_type":"article","og_title":"Kontakt - Meikowe Elektro- und Teleservice GmbH","og_url":"https:\/\/meikowe.de\/en\/kontakt\/","og_site_name":"Meikowe Elektro- und Teleservice GmbH","article_modified_time":"2025-07-22T14:37:55+00:00","twitter_card":"summary_large_image","twitter_misc":{"Est. reading time":"2 minutes"},"schema":{"@context":"https:\/\/schema.org","@graph":[{"@type":"WebPage","@id":"https:\/\/meikowe.de\/kontakt\/","url":"https:\/\/meikowe.de\/kontakt\/","name":"Kontakt - Meikowe Elektro- und Teleservice GmbH","isPartOf":{"@id":"https:\/\/meikowe.de\/#website"},"datePublished":"2020-10-26T15:54:41+00:00","dateModified":"2025-07-22T14:37:55+00:00","breadcrumb":{"@id":"https:\/\/meikowe.de\/kontakt\/#breadcrumb"},"inLanguage":"en-US","potentialAction":[{"@type":"ReadAction","target":["https:\/\/meikowe.de\/kontakt\/"]}]},{"@type":"BreadcrumbList","@id":"https:\/\/meikowe.de\/kontakt\/#breadcrumb","itemListElement":[{"@type":"ListItem","position":1,"name":"Startseite","item":"https:\/\/meikowe.de\/"},{"@type":"ListItem","position":2,"name":"Kontakt"}]},{"@type":"WebSite","@id":"https:\/\/meikowe.de\/#website","url":"https:\/\/meikowe.de\/","name":"Meikowe Elektro- und Teleservice GmbH","description":"Ihr Spezialist f\u00fcr Elektrotechnik, Elektroger\u00e4te, Sicherheitstechnik und Photovoltaik.","publisher":{"@id":"https:\/\/meikowe.de\/#organization"},"potentialAction":[{"@type":"SearchAction","target":{"@type":"EntryPoint","urlTemplate":"https:\/\/meikowe.de\/?s={search_term_string}"},"query-input":{"@type":"PropertyValueSpecification","valueRequired":true,"valueName":"search_term_string"}}],"inLanguage":"en-US"},{"@type":"Organization","@id":"https:\/\/meikowe.de\/#organization","name":"Meikowe Elektro- und Teleservice GmbH","url":"https:\/\/meikowe.de\/","logo":{"@type":"ImageObject","inLanguage":"en-US","@id":"https:\/\/meikowe.de\/#\/schema\/logo\/image\/","url":"https:\/\/meikowe.de\/wp-content\/uploads\/2025\/06\/Meikowe-Elektrotechnik.png","contentUrl":"https:\/\/meikowe.de\/wp-content\/uploads\/2025\/06\/Meikowe-Elektrotechnik.png","width":531,"height":125,"caption":"Meikowe Elektro- und Teleservice GmbH"},"image":{"@id":"https:\/\/meikowe.de\/#\/schema\/logo\/image\/"}}]}},"_links":{"self":[{"href":"https:\/\/meikowe.de\/en\/wp-json\/wp\/v2\/pages\/30540","targetHints":{"allow":["GET"]}}],"collection":[{"href":"https:\/\/meikowe.de\/en\/wp-json\/wp\/v2\/pages"}],"about":[{"href":"https:\/\/meikowe.de\/en\/wp-json\/wp\/v2\/types\/page"}],"author":[{"embeddable":true,"href":"https:\/\/meikowe.de\/en\/wp-json\/wp\/v2\/users\/5"}],"replies":[{"embeddable":true,"href":"https:\/\/meikowe.de\/en\/wp-json\/wp\/v2\/comments?post=30540"}],"version-history":[{"count":15,"href":"https:\/\/meikowe.de\/en\/wp-json\/wp\/v2\/pages\/30540\/revisions"}],"predecessor-version":[{"id":31930,"href":"https:\/\/meikowe.de\/en\/wp-json\/wp\/v2\/pages\/30540\/revisions\/31930"}],"wp:attachment":[{"href":"https:\/\/meikowe.de\/en\/wp-json\/wp\/v2\/media?parent=30540"}],"curies":[{"name":"wp","href":"https:\/\/api.w.org\/{rel}","templated":true}]}}