{"id":32003,"date":"2026-01-13T14:12:34","date_gmt":"2026-01-13T13:12:34","guid":{"rendered":"https:\/\/meikowe.de\/?page_id=32003"},"modified":"2026-01-13T14:47:16","modified_gmt":"2026-01-13T13:47:16","slug":"kauffrau-kaufmann-bueromanagement-w-m-d","status":"publish","type":"page","link":"https:\/\/meikowe.de\/en\/karriere-bei-meikowe\/kauffrau-kaufmann-bueromanagement-w-m-d\/","title":{"rendered":"Kauffrau\/Kaufmann B\u00fcromanagement (w\/m\/d)"},"content":{"rendered":"<div class=\"wpb-content-wrapper\"><div class=\"vc_row wpb_row vc_row-fluid vc_row-o-equal-height vc_row-o-content-middle vc_row-flex wpex-vc-full-width-row wpex-vc-full-width-row--centered wpex-relative\" data-ls_id=\"#start\" tabindex=\"-1\"><div class=\"wpb_column vc_column_container vc_col-sm-12\"><div class=\"vc_column-inner\"><div class=\"wpb_wrapper\"><div class=\"vcex-spacing wpex-w-100 wpex-clear\" style=\"height:50px;\"><\/div><h1 class=\"vcex-heading vcex-heading-plain vcex-module wpex-heading wpex-text-2xl wpex-text-center\"><span class=\"vcex-heading-inner wpex-inline-block\">Kauffrau\/ Kaufmann B\u00fcromanagement (w\/m\/d)<\/span><\/h1><div class=\"vc_separator wpb_content_element vc_separator_align_center vc_sep_width_20 vc_sep_border_width_2 vc_sep_pos_align_center wpb_content_element\" ><span class=\"vc_sep_holder vc_sep_holder_l\"><span style=\"border-color:#E30613;\" class=\"vc_sep_line\"><\/span><\/span><div class=\"vc_icon_element vc_icon_element-outer vc_do_icon vc_icon_element-align-left\"><div class=\"vc_icon_element-inner vc_icon_element-color-custom vc_icon_element-size-sm vc_icon_element-style- vc_icon_element-background-color-grey\" ><span class=\"vc_icon_element-icon entypo-icon entypo-icon-down-open-mini\" ><\/span><\/div><\/div><span class=\"vc_sep_holder vc_sep_holder_r\"><span style=\"border-color:#E30613;\" class=\"vc_sep_line\"><\/span><\/span>\n<\/div><div class=\"vcex-spacing wpex-w-100 wpex-clear\" style=\"height:30px;\"><\/div><div class=\"vc_row wpb_row vc_inner vc_row-fluid wpex-relative\"><div class=\"wpb_column vc_column_container vc_col-sm-2\"><div class=\"vc_column-inner\"><div class=\"wpb_wrapper\"><\/div><\/div><\/div><div class=\"wpb_column karrpunkte vc_column_container vc_col-sm-8\"><div class=\"vc_column-inner\"><div class=\"wpb_wrapper\"><h3 class=\"vcex-heading vcex-heading-plain vcex-module wpex-heading wpex-text-2xl wpex-text-left\"><span class=\"vcex-heading-inner wpex-inline-block\">Ihre Aufgaben als Kauffrau\/ Kaufmann B\u00fcromanagement umfassen:<\/span><\/h3><div class=\"vcex-spacing wpex-w-100 wpex-clear\" style=\"height:20px;\"><\/div>\n\t<div class=\"wpb_text_column wpb_content_element\" >\n\t\t<div class=\"wpb_wrapper\">\n\t\t\t<ul>\n<li>Bearbeitung von Kundenanfragen, Angeboten, Rechnungen, Auftr\u00e4gen und Reklamationen<\/li>\n<li>Beratung und Verkauf von Elektroger\u00e4ten (z.B. Waschmaschine) im eigenen Ladengesch\u00e4ft \u2013 umfangreiche Schulung wird sichergestellt<\/li>\n<li>Unterst\u00fctzung im B\u00fcroalltag: B\u00fcroorganisation, Korrespondenz, Telefonbetreuung f\u00fcr Au\u00dfendienstmitarbeiter, Lieferanten und Partner<\/li>\n<li>Mitwirkung bei der Planung und Umsetzung von Verkaufsaktionen, Messen und Events<\/li>\n<li>Digital- und Social-Media-Kommunikation (optional)<\/li>\n<\/ul>\n\n\t\t<\/div>\n\t<\/div>\n<\/div><\/div><\/div><div class=\"wpb_column vc_column_container vc_col-sm-2\"><div class=\"vc_column-inner\"><div class=\"wpb_wrapper\"><\/div><\/div><\/div><\/div><div class=\"vc_row wpb_row vc_inner vc_row-fluid wpex-relative\"><div class=\"wpb_column vc_column_container vc_col-sm-2\"><div class=\"vc_column-inner\"><div class=\"wpb_wrapper\"><\/div><\/div><\/div><div class=\"wpb_column karrpunkte vc_column_container vc_col-sm-8\"><div class=\"vc_column-inner\"><div class=\"wpb_wrapper\"><h3 class=\"vcex-heading vcex-heading-plain vcex-module wpex-heading wpex-text-2xl wpex-text-left\"><span class=\"vcex-heading-inner wpex-inline-block\">Sie bringen mit:<\/span><\/h3><div class=\"vcex-spacing wpex-w-100 wpex-clear\" style=\"height:20px;\"><\/div>\n\t<div style=\"text-align:start;\" class=\"wpb_text_column wpb_content_element\" >\n\t\t<div class=\"wpb_wrapper\">\n\t\t\t<ul>\n<li>abgeschlossene kaufm\u00e4nnische Ausbildung (z.B. Einzelhandel, B\u00fcromanagement, Gro\u00df- und Au\u00dfenhandel) oder vergleichbare Qualifikation; Erfahrung im Elektrotechnik-Umfeld von Vorteil, aber nicht notwendig<\/li>\n<li>Kundenorientierung, professionelle Gespr\u00e4chsf\u00fchrung<\/li>\n<li>sicherer Umgang mit MS Office<\/li>\n<li>Organisationstalent, Zuverl\u00e4ssigkeit und eigenst\u00e4ndige Arbeitsweise<\/li>\n<li>Flexibilit\u00e4t und positives Auftreten<\/li>\n<\/ul>\n\n\t\t<\/div>\n\t<\/div>\n<\/div><\/div><\/div><div class=\"wpb_column vc_column_container vc_col-sm-2\"><div class=\"vc_column-inner\"><div class=\"wpb_wrapper\"><\/div><\/div><\/div><\/div><div class=\"vc_row wpb_row vc_inner vc_row-fluid wpex-relative\"><div class=\"wpb_column vc_column_container vc_col-sm-2\"><div class=\"vc_column-inner\"><div class=\"wpb_wrapper\"><\/div><\/div><\/div><div class=\"wpb_column karrpunkte vc_column_container vc_col-sm-8\"><div class=\"vc_column-inner\"><div class=\"wpb_wrapper\"><h3 class=\"vcex-heading vcex-heading-plain vcex-module wpex-heading wpex-text-2xl wpex-text-left\"><span class=\"vcex-heading-inner wpex-inline-block\">Wir bieten Ihnen:<\/span><\/h3><div class=\"vcex-spacing wpex-w-100 wpex-clear\" style=\"height:20px;\"><\/div>\n\t<div style=\"text-align:start;\" class=\"wpb_text_column wpb_content_element\" >\n\t\t<div class=\"wpb_wrapper\">\n\t\t\t<p>Leistungsgerechte Bezahlung und einen sicheren Arbeitsplatz im Familienunternehmen sowie<\/p>\n<ul>\n<li>abwechslungsreiche T\u00e4tigkeiten<\/li>\n<li>ein famili\u00e4res Team, das miteinander arbeitet und Erfolge gemeinsam feiert<\/li>\n<li>betriebliche Altersvorsorge<\/li>\n<li>Mitarbeiterrabatte und weitere Benefits<\/li>\n<li>Umfangreiche Einarbeitung sowie regelm\u00e4\u00dfige Weiterbildungs- oder Schulungsm\u00f6glichkeiten<\/li>\n<li>Firmenevents f\u00fcr Mitarbeitende und ihre Familien<\/li>\n<\/ul>\n\n\t\t<\/div>\n\t<\/div>\n<\/div><\/div><\/div><div class=\"wpb_column vc_column_container vc_col-sm-2\"><div class=\"vc_column-inner\"><div class=\"wpb_wrapper\"><\/div><\/div><\/div><\/div><div class=\"vcex-spacing wpex-w-100 wpex-clear\" style=\"height:20px;\"><\/div><\/div><\/div><\/div><\/div><div class=\"vc_row wpb_row vc_row-fluid footerback vc_row-o-equal-height vc_row-o-content-middle vc_row-flex wpex-vc-full-width-row wpex-vc-full-width-row--centered wpex-relative\" data-ls_id=\"#jobs\" tabindex=\"-1\"><div class=\"wpb_column vc_column_container vc_col-sm-12\"><div class=\"vc_column-inner\"><div class=\"wpb_wrapper\"><div class=\"vcex-spacing wpex-w-100 wpex-clear\" style=\"height:40px;\"><\/div><h2 class=\"vcex-heading vcex-heading-plain vcex-module wpex-heading wpex-text-2xl wpex-text-center\"><span class=\"vcex-heading-inner wpex-inline-block\">Jetzt einfach &amp; schnell bewerben<\/span><\/h2><div class=\"vc_separator wpb_content_element vc_separator_align_center vc_sep_width_20 vc_sep_border_width_2 vc_sep_pos_align_center wpb_content_element\" ><span class=\"vc_sep_holder vc_sep_holder_l\"><span style=\"border-color:#E30613;\" class=\"vc_sep_line\"><\/span><\/span><div class=\"vc_icon_element vc_icon_element-outer vc_do_icon vc_icon_element-align-left\"><div class=\"vc_icon_element-inner vc_icon_element-color-custom vc_icon_element-size-sm vc_icon_element-style- vc_icon_element-background-color-grey\" ><span class=\"vc_icon_element-icon entypo-icon entypo-icon-down-open-mini\" ><\/span><\/div><\/div><span class=\"vc_sep_holder vc_sep_holder_r\"><span style=\"border-color:#E30613;\" class=\"vc_sep_line\"><\/span><\/span>\n<\/div><div class=\"vcex-spacing wpex-w-100 wpex-clear\" style=\"height:30px;\"><\/div>\n\t<div style=\"text-align:center;\" class=\"wpb_text_column wpb_content_element\" >\n\t\t<div class=\"wpb_wrapper\">\n\t\t\t<p>Lebenslauf \/ Anschreiben ist kein Muss<\/p>\n\n\t\t<\/div>\n\t<\/div>\n<div class=\"vc_row wpb_row vc_inner vc_row-fluid wpex-relative\"><div class=\"wpb_column vc_column_container vc_col-sm-2\"><div class=\"vc_column-inner\"><div class=\"wpb_wrapper\"><\/div><\/div><\/div><div class=\"wpb_column vc_column_container vc_col-sm-8\"><div class=\"vc_column-inner\"><div class=\"wpb_wrapper\"><div class=\"wpforms-container wpforms-container-full\" id=\"wpforms-32008\"><form id=\"wpforms-form-32008\" class=\"wpforms-validate wpforms-form wpforms-ajax-form\" data-formid=\"32008\" method=\"post\" enctype=\"multipart\/form-data\" action=\"\/en\/wp-json\/wp\/v2\/pages\/32003?wpforms_form_id=32008\" data-token=\"eacc48aef940e79b8a00445d96f93daf\" data-token-time=\"1775898412\"><noscript class=\"wpforms-error-noscript\">Please enable JavaScript in your browser to complete this form.<\/noscript><div class=\"wpforms-field-container\"><div id=\"wpforms-32008-field_7-container\" class=\"wpforms-field wpforms-field-select wpforms-field-select-style-modern\" data-field-id=\"7\"><label class=\"wpforms-field-label wpforms-label-hide\" for=\"wpforms-32008-field_7\">Ansprache <\/label><select id=\"wpforms-32008-field_7\" class=\"wpforms-field-large choicesjs-select\" data-size-class=\"wpforms-field-row wpforms-field-large\" data-search-enabled=\"\" name=\"wpforms[fields][7]\"><option value=\"\" class=\"placeholder\" disabled  selected='selected'>Ansprache<\/option><option value=\"Herr\"  class=\"choice-1 depth-1\"  >Herr<\/option><option value=\"Frau\"  class=\"choice-2 depth-1\"  >Frau<\/option><option value=\"Keine Angabe\"  class=\"choice-3 depth-1\"  >Keine Angabe<\/option><\/select><\/div><div id=\"wpforms-32008-field_1-container\" class=\"wpforms-field wpforms-field-name\" data-field-id=\"1\"><label class=\"wpforms-field-label wpforms-label-hide\" for=\"wpforms-32008-field_1\">Name <span class=\"wpforms-required-label\">*<\/span><\/label><div class=\"wpforms-field-row wpforms-field-large\"><div class=\"wpforms-field-row-block wpforms-first wpforms-one-half\"><input type=\"text\" id=\"wpforms-32008-field_1\" class=\"wpforms-field-name-first wpforms-field-required\" name=\"wpforms[fields][1][first]\" placeholder=\"Vorname*\" required><label for=\"wpforms-32008-field_1\" class=\"wpforms-field-sublabel after wpforms-sublabel-hide\">First<\/label><\/div><div class=\"wpforms-field-row-block wpforms-one-half\"><input type=\"text\" id=\"wpforms-32008-field_1-last\" class=\"wpforms-field-name-last wpforms-field-required\" name=\"wpforms[fields][1][last]\" placeholder=\"Nachname*\" required><label for=\"wpforms-32008-field_1-last\" class=\"wpforms-field-sublabel after wpforms-sublabel-hide\">Last<\/label><\/div><\/div><\/div><div id=\"wpforms-32008-field_2-container\" class=\"wpforms-field wpforms-field-email wpforms-one-half wpforms-first\" data-field-id=\"2\"><label class=\"wpforms-field-label wpforms-label-hide\" for=\"wpforms-32008-field_2\">E-Mail <span class=\"wpforms-required-label\">*<\/span><\/label><input type=\"email\" id=\"wpforms-32008-field_2\" class=\"wpforms-field-large wpforms-field-required\" name=\"wpforms[fields][2]\" placeholder=\"E-Mail*\" spellcheck=\"false\" required><\/div><div id=\"wpforms-32008-field_3-container\" class=\"wpforms-field wpforms-field-text wpforms-one-half\" data-field-id=\"3\"><label class=\"wpforms-field-label wpforms-label-hide\" for=\"wpforms-32008-field_3\">Telefon <span class=\"wpforms-required-label\">*<\/span><\/label><input type=\"text\" id=\"wpforms-32008-field_3\" class=\"wpforms-field-large wpforms-field-required\" name=\"wpforms[fields][3]\" placeholder=\"Telefon*\" required><\/div><div id=\"wpforms-32008-field_6-container\" class=\"wpforms-field wpforms-field-text\" data-field-id=\"6\"><label class=\"wpforms-field-label wpforms-label-hide\" for=\"wpforms-32008-field_6\">Stra\u00dfe &amp; Hausnummer<\/label><input type=\"text\" id=\"wpforms-32008-field_6\" class=\"wpforms-field-large\" name=\"wpforms[fields][6]\" placeholder=\"Stra\u00dfe &amp; Hausnummer\" ><\/div><div id=\"wpforms-32008-field_8-container\" class=\"wpforms-field wpforms-field-text wpforms-one-half wpforms-first\" data-field-id=\"8\"><label class=\"wpforms-field-label wpforms-label-hide\" for=\"wpforms-32008-field_8\">PLZ<\/label><input type=\"text\" id=\"wpforms-32008-field_8\" class=\"wpforms-field-large\" name=\"wpforms[fields][8]\" placeholder=\"PLZ\" ><\/div><div id=\"wpforms-32008-field_9-container\" class=\"wpforms-field wpforms-field-text wpforms-one-half\" data-field-id=\"9\"><label class=\"wpforms-field-label wpforms-label-hide\" for=\"wpforms-32008-field_9\">Ort <span class=\"wpforms-required-label\">*<\/span><\/label><input type=\"text\" id=\"wpforms-32008-field_9\" class=\"wpforms-field-large wpforms-field-required\" name=\"wpforms[fields][9]\" placeholder=\"Ort\" required><\/div><div id=\"wpforms-32008-field_10-container\" class=\"wpforms-field wpforms-field-file-upload\" data-field-id=\"10\"><label class=\"wpforms-field-label\" for=\"wpforms-32008-field_10\">Lebenslauf hochladen (optional)<\/label><div\n\t\tclass=\"wpforms-uploader \"\n\t\tdata-field-id=\"10\"\n\t\tdata-form-id=\"32008\"\n\t\tdata-input-name=\"wpforms_32008_10\"\n\t\tdata-extensions=\"jpg,jpeg,jpe,gif,png,bmp,tiff,tif,webp,avif,ico,heic,heif,heics,heifs,asf,asx,wmv,wmx,wm,avi,divx,mov,qt,mpeg,mpg,mpe,mp4,m4v,ogv,webm,mkv,3gp,3gpp,3g2,3gp2,txt,asc,c,cc,h,srt,csv,tsv,ics,rtx,css,vtt,mp3,m4a,m4b,aac,ra,ram,wav,x-wav,ogg,oga,flac,mid,midi,wma,wax,mka,rtf,pdf,class,tar,zip,gz,gzip,rar,7z,psd,xcf,doc,pot,pps,ppt,wri,xla,xls,xlt,xlw,mpp,docx,docm,dotx,dotm,xlsx,xlsm,xlsb,xltx,xltm,xlam,pptx,pptm,ppsx,ppsm,potx,potm,ppam,sldx,sldm,onetoc,onetoc2,onepkg,oxps,xps,odt,odp,ods,odg,odc,odb,odf,wp,wpd,key,numbers,pages\"\n\t\tdata-max-size=\"134217728\"\n\t\tdata-max-file-number=\"1\"\n\t\tdata-post-max-size=\"134217728\"\n\t\tdata-max-parallel-uploads=\"4\"\n\t\tdata-parallel-uploads=\"true\"\n\t\tdata-file-chunk-size=\"2097152\">\n\t<div class=\"dz-message\">\n\t\t<svg  viewBox=\"0 0 640 640\" focusable=\"false\" data-icon=\"inbox\" width=\"50px\" height=\"50px\" fill=\"currentColor\" aria-hidden=\"true\">\n\t\t\t<path d=\"M352 173.3L352 384C352 401.7 337.7 416 320 416C302.3 416 288 401.7 288 384L288 173.3L246.6 214.7C234.1 227.2 213.8 227.2 201.3 214.7C188.8 202.2 188.8 181.9 201.3 169.4L297.3 73.4C309.8 60.9 330.1 60.9 342.6 73.4L438.6 169.4C451.1 181.9 451.1 202.2 438.6 214.7C426.1 227.2 405.8 227.2 393.3 214.7L352 173.3zM320 464C364.2 464 400 428.2 400 384L480 384C515.3 384 544 412.7 544 448L544 480C544 515.3 515.3 544 480 544L160 544C124.7 544 96 515.3 96 480L96 448C96 412.7 124.7 384 160 384L240 384C240 428.2 275.8 464 320 464zM464 488C477.3 488 488 477.3 488 464C488 450.7 477.3 440 464 440C450.7 440 440 450.7 440 464C440 477.3 450.7 488 464 488z\"\/>\n\t\t<\/svg>\n\n\t\t<span class=\"modern-title\">\n\t\t\t\t\t\t\tDrag &amp; Drop Files, \t\t\t\t<span>Choose Files to Upload<\/span>\n\t\t\t\t\t<\/span>\n\n\t\t\t<\/div>\n<\/div>\n\n<input\n\t\ttype=\"text\"\n\t\tautocomplete=\"off\"\n\t\treadonly\n\t\tclass=\"dropzone-input\"\n\t\tstyle=\"position:absolute!important;clip:rect(0,0,0,0)!important;height:1px!important;width:1px!important;border:0!important;overflow:hidden!important;padding:0!important;margin:0!important;\"\n\t\tid=\"wpforms-32008-field_10\"\n\t\tname=\"wpforms_32008_10\" \t\tvalue=\"\">\n<div class=\"wpforms-field-description\">Klicken Sie hier oder ziehen Sie eine Datei in diesen Bereich zum Hochladen<\/div><\/div><div id=\"wpforms-32008-field_11-container\" class=\"wpforms-field wpforms-field-textarea\" data-field-id=\"11\"><label class=\"wpforms-field-label wpforms-label-hide\" for=\"wpforms-32008-field_11\">Kommentar<\/label><textarea id=\"wpforms-32008-field_11\" class=\"wpforms-field-large\" name=\"wpforms[fields][11]\" placeholder=\"Kommentar\" ><\/textarea><\/div><div id=\"wpforms-32008-field_5-container\" class=\"wpforms-field wpforms-field-checkbox\" data-field-id=\"5\"><label class=\"wpforms-field-label wpforms-label-hide\">Datenschutz <span class=\"wpforms-required-label\">*<\/span><\/label><ul id=\"wpforms-32008-field_5\" class=\"wpforms-field-required\"><li class=\"choice-1 depth-1\"><input type=\"checkbox\" id=\"wpforms-32008-field_5_1\" name=\"wpforms[fields][5][]\" value=\"Die Kenntnisnahme der &lt;a href=&quot;https:\/\/meikowe.de\/datenschutz&quot;&gt;Datenschutzerkl\u00e4rung&lt;\/a&gt; wird best\u00e4tigt und akzeptiert*\" required ><label class=\"wpforms-field-label-inline\" for=\"wpforms-32008-field_5_1\">Die Kenntnisnahme der <a href=\"https:\/\/meikowe.de\/datenschutz\">Datenschutzerkl\u00e4rung<\/a> wird best\u00e4tigt und akzeptiert*<\/label><\/li><\/ul><\/div><\/div><!-- .wpforms-field-container --><div class=\"wpforms-submit-container\" ><input type=\"hidden\" name=\"wpforms[id]\" value=\"32008\"><input type=\"hidden\" name=\"page_title\" value=\"\"><input type=\"hidden\" name=\"page_url\" value=\"https:\/\/meikowe.de\/en\/wp-json\/wp\/v2\/pages\/32003\"><input type=\"hidden\" name=\"url_referer\" value=\"\"><button type=\"submit\" name=\"wpforms[submit]\" id=\"wpforms-submit-32008\" class=\"wpforms-submit\" data-alt-text=\"Senden\u2026\" data-submit-text=\"Jetzt bewerben\" aria-live=\"assertive\" value=\"wpforms-submit\">Jetzt bewerben<\/button><img src=\"https:\/\/meikowe.de\/wp-content\/plugins\/wpforms\/assets\/images\/submit-spin.svg\" class=\"wpforms-submit-spinner\" style=\"display: none;\" width=\"26\" height=\"26\" alt=\"Loading\"><\/div><\/form><\/div>  <!-- .wpforms-container --><div class=\"vcex-spacing wpex-w-100 wpex-clear\" style=\"height:26px;\"><\/div>\n\t<div class=\"wpb_text_column wpb_content_element\" >\n\t\t<div class=\"wpb_wrapper\">\n\t\t\t<p>Alternativ per Email an <a href=\"mailto:karriere@meikowe.de\">karriere@meikowe.de<\/a> (Kontakt Alexander Kockelmann) oder postalisch an Meikowe Elektro-und Teleservice GmbH, Gesch\u00e4ftsf\u00fchrung, Gewerbegebiet 1, 54597 Fleringen.<\/p>\n<p>Sie haben noch Fragen zur ausgeschriebenen Stelle? Rufen Sie uns gerne an! Telefon: 06558 \u2013 92920<\/p>\n\n\t\t<\/div>\n\t<\/div>\n<\/div><\/div><\/div><div class=\"wpb_column vc_column_container vc_col-sm-2\"><div class=\"vc_column-inner\"><div class=\"wpb_wrapper\"><\/div><\/div><\/div><\/div><div class=\"vcex-spacing wpex-w-100 wpex-clear\" style=\"height:50px;\"><\/div><\/div><\/div><\/div><\/div>\n<\/div>","protected":false},"excerpt":{"rendered":"Kauffrau\/ Kaufmann B\u00fcromanagement (w\/m\/d) Ihre Aufgaben als Kauffrau\/ Kaufmann B\u00fcromanagement umfassen: Bearbeitung von Kundenanfragen, Angeboten, Rechnungen, Auftr\u00e4gen und Reklamationen Beratung und Verkauf von Elektroger\u00e4ten (z.B. Waschmaschine) im eigenen Ladengesch\u00e4ft \u2013 umfangreiche Schulung wird sichergestellt Unterst\u00fctzung im B\u00fcroalltag: B\u00fcroorganisation, Korrespondenz, Telefonbetreuung f\u00fcr Au\u00dfendienstmitarbeiter, Lieferanten und Partner Mitwirkung bei der Planung und Umsetzung von Verkaufsaktionen, Messen und&hellip;","protected":false},"author":5,"featured_media":0,"parent":31350,"menu_order":0,"comment_status":"closed","ping_status":"closed","template":"","meta":{"footnotes":""},"class_list":["post-32003","page","type-page","status-publish","hentry","entry","no-media"],"yoast_head":"<!-- This site is optimized with the Yoast SEO plugin v27.3 - https:\/\/yoast.com\/product\/yoast-seo-wordpress\/ -->\n<title>Kauffrau\/Kaufmann B\u00fcromanagement (w\/m\/d) - Meikowe Elektro- und Teleservice GmbH<\/title>\n<meta name=\"robots\" content=\"index, follow, max-snippet:-1, max-image-preview:large, max-video-preview:-1\" \/>\n<link rel=\"canonical\" href=\"https:\/\/meikowe.de\/en\/karriere-bei-meikowe\/kauffrau-kaufmann-bueromanagement-w-m-d\/\" \/>\n<meta property=\"og:locale\" content=\"en_US\" \/>\n<meta property=\"og:type\" content=\"article\" \/>\n<meta property=\"og:title\" content=\"Kauffrau\/Kaufmann B\u00fcromanagement (w\/m\/d) - Meikowe Elektro- und Teleservice GmbH\" \/>\n<meta property=\"og:url\" content=\"https:\/\/meikowe.de\/en\/karriere-bei-meikowe\/kauffrau-kaufmann-bueromanagement-w-m-d\/\" \/>\n<meta property=\"og:site_name\" content=\"Meikowe Elektro- und Teleservice GmbH\" \/>\n<meta property=\"article:modified_time\" content=\"2026-01-13T13:47:16+00:00\" \/>\n<meta name=\"twitter:card\" content=\"summary_large_image\" \/>\n<meta name=\"twitter:label1\" content=\"Est. reading time\" \/>\n\t<meta name=\"twitter:data1\" content=\"2 minutes\" \/>\n<script type=\"application\/ld+json\" class=\"yoast-schema-graph\">{\"@context\":\"https:\\\/\\\/schema.org\",\"@graph\":[{\"@type\":\"WebPage\",\"@id\":\"https:\\\/\\\/meikowe.de\\\/karriere-bei-meikowe\\\/kauffrau-kaufmann-bueromanagement-w-m-d\\\/\",\"url\":\"https:\\\/\\\/meikowe.de\\\/karriere-bei-meikowe\\\/kauffrau-kaufmann-bueromanagement-w-m-d\\\/\",\"name\":\"Kauffrau\\\/Kaufmann B\u00fcromanagement (w\\\/m\\\/d) - Meikowe Elektro- und Teleservice GmbH\",\"isPartOf\":{\"@id\":\"https:\\\/\\\/meikowe.de\\\/#website\"},\"datePublished\":\"2026-01-13T13:12:34+00:00\",\"dateModified\":\"2026-01-13T13:47:16+00:00\",\"breadcrumb\":{\"@id\":\"https:\\\/\\\/meikowe.de\\\/karriere-bei-meikowe\\\/kauffrau-kaufmann-bueromanagement-w-m-d\\\/#breadcrumb\"},\"inLanguage\":\"en-US\",\"potentialAction\":[{\"@type\":\"ReadAction\",\"target\":[\"https:\\\/\\\/meikowe.de\\\/karriere-bei-meikowe\\\/kauffrau-kaufmann-bueromanagement-w-m-d\\\/\"]}]},{\"@type\":\"BreadcrumbList\",\"@id\":\"https:\\\/\\\/meikowe.de\\\/karriere-bei-meikowe\\\/kauffrau-kaufmann-bueromanagement-w-m-d\\\/#breadcrumb\",\"itemListElement\":[{\"@type\":\"ListItem\",\"position\":1,\"name\":\"Startseite\",\"item\":\"https:\\\/\\\/meikowe.de\\\/\"},{\"@type\":\"ListItem\",\"position\":2,\"name\":\"Karriere bei Meikowe\",\"item\":\"https:\\\/\\\/meikowe.de\\\/karriere-bei-meikowe\\\/\"},{\"@type\":\"ListItem\",\"position\":3,\"name\":\"Kauffrau\\\/Kaufmann B\u00fcromanagement (w\\\/m\\\/d)\"}]},{\"@type\":\"WebSite\",\"@id\":\"https:\\\/\\\/meikowe.de\\\/#website\",\"url\":\"https:\\\/\\\/meikowe.de\\\/\",\"name\":\"Meikowe Elektro- und Teleservice GmbH\",\"description\":\"Ihr Spezialist f\u00fcr Elektrotechnik, Elektroger\u00e4te, Sicherheitstechnik und Photovoltaik.\",\"publisher\":{\"@id\":\"https:\\\/\\\/meikowe.de\\\/#organization\"},\"potentialAction\":[{\"@type\":\"SearchAction\",\"target\":{\"@type\":\"EntryPoint\",\"urlTemplate\":\"https:\\\/\\\/meikowe.de\\\/?s={search_term_string}\"},\"query-input\":{\"@type\":\"PropertyValueSpecification\",\"valueRequired\":true,\"valueName\":\"search_term_string\"}}],\"inLanguage\":\"en-US\"},{\"@type\":\"Organization\",\"@id\":\"https:\\\/\\\/meikowe.de\\\/#organization\",\"name\":\"Meikowe Elektro- und Teleservice GmbH\",\"url\":\"https:\\\/\\\/meikowe.de\\\/\",\"logo\":{\"@type\":\"ImageObject\",\"inLanguage\":\"en-US\",\"@id\":\"https:\\\/\\\/meikowe.de\\\/#\\\/schema\\\/logo\\\/image\\\/\",\"url\":\"https:\\\/\\\/meikowe.de\\\/wp-content\\\/uploads\\\/2025\\\/06\\\/Meikowe-Elektrotechnik.png\",\"contentUrl\":\"https:\\\/\\\/meikowe.de\\\/wp-content\\\/uploads\\\/2025\\\/06\\\/Meikowe-Elektrotechnik.png\",\"width\":531,\"height\":125,\"caption\":\"Meikowe Elektro- und Teleservice GmbH\"},\"image\":{\"@id\":\"https:\\\/\\\/meikowe.de\\\/#\\\/schema\\\/logo\\\/image\\\/\"}}]}<\/script>\n<!-- \/ Yoast SEO plugin. -->","yoast_head_json":{"title":"Kauffrau\/Kaufmann B\u00fcromanagement (w\/m\/d) - Meikowe Elektro- und Teleservice GmbH","robots":{"index":"index","follow":"follow","max-snippet":"max-snippet:-1","max-image-preview":"max-image-preview:large","max-video-preview":"max-video-preview:-1"},"canonical":"https:\/\/meikowe.de\/en\/karriere-bei-meikowe\/kauffrau-kaufmann-bueromanagement-w-m-d\/","og_locale":"en_US","og_type":"article","og_title":"Kauffrau\/Kaufmann B\u00fcromanagement (w\/m\/d) - Meikowe Elektro- und Teleservice GmbH","og_url":"https:\/\/meikowe.de\/en\/karriere-bei-meikowe\/kauffrau-kaufmann-bueromanagement-w-m-d\/","og_site_name":"Meikowe Elektro- und Teleservice GmbH","article_modified_time":"2026-01-13T13:47:16+00:00","twitter_card":"summary_large_image","twitter_misc":{"Est. reading time":"2 minutes"},"schema":{"@context":"https:\/\/schema.org","@graph":[{"@type":"WebPage","@id":"https:\/\/meikowe.de\/karriere-bei-meikowe\/kauffrau-kaufmann-bueromanagement-w-m-d\/","url":"https:\/\/meikowe.de\/karriere-bei-meikowe\/kauffrau-kaufmann-bueromanagement-w-m-d\/","name":"Kauffrau\/Kaufmann B\u00fcromanagement (w\/m\/d) - Meikowe Elektro- und Teleservice GmbH","isPartOf":{"@id":"https:\/\/meikowe.de\/#website"},"datePublished":"2026-01-13T13:12:34+00:00","dateModified":"2026-01-13T13:47:16+00:00","breadcrumb":{"@id":"https:\/\/meikowe.de\/karriere-bei-meikowe\/kauffrau-kaufmann-bueromanagement-w-m-d\/#breadcrumb"},"inLanguage":"en-US","potentialAction":[{"@type":"ReadAction","target":["https:\/\/meikowe.de\/karriere-bei-meikowe\/kauffrau-kaufmann-bueromanagement-w-m-d\/"]}]},{"@type":"BreadcrumbList","@id":"https:\/\/meikowe.de\/karriere-bei-meikowe\/kauffrau-kaufmann-bueromanagement-w-m-d\/#breadcrumb","itemListElement":[{"@type":"ListItem","position":1,"name":"Startseite","item":"https:\/\/meikowe.de\/"},{"@type":"ListItem","position":2,"name":"Karriere bei Meikowe","item":"https:\/\/meikowe.de\/karriere-bei-meikowe\/"},{"@type":"ListItem","position":3,"name":"Kauffrau\/Kaufmann B\u00fcromanagement (w\/m\/d)"}]},{"@type":"WebSite","@id":"https:\/\/meikowe.de\/#website","url":"https:\/\/meikowe.de\/","name":"Meikowe Elektro- und Teleservice GmbH","description":"Ihr Spezialist f\u00fcr Elektrotechnik, Elektroger\u00e4te, Sicherheitstechnik und Photovoltaik.","publisher":{"@id":"https:\/\/meikowe.de\/#organization"},"potentialAction":[{"@type":"SearchAction","target":{"@type":"EntryPoint","urlTemplate":"https:\/\/meikowe.de\/?s={search_term_string}"},"query-input":{"@type":"PropertyValueSpecification","valueRequired":true,"valueName":"search_term_string"}}],"inLanguage":"en-US"},{"@type":"Organization","@id":"https:\/\/meikowe.de\/#organization","name":"Meikowe Elektro- und Teleservice GmbH","url":"https:\/\/meikowe.de\/","logo":{"@type":"ImageObject","inLanguage":"en-US","@id":"https:\/\/meikowe.de\/#\/schema\/logo\/image\/","url":"https:\/\/meikowe.de\/wp-content\/uploads\/2025\/06\/Meikowe-Elektrotechnik.png","contentUrl":"https:\/\/meikowe.de\/wp-content\/uploads\/2025\/06\/Meikowe-Elektrotechnik.png","width":531,"height":125,"caption":"Meikowe Elektro- und Teleservice GmbH"},"image":{"@id":"https:\/\/meikowe.de\/#\/schema\/logo\/image\/"}}]}},"_links":{"self":[{"href":"https:\/\/meikowe.de\/en\/wp-json\/wp\/v2\/pages\/32003","targetHints":{"allow":["GET"]}}],"collection":[{"href":"https:\/\/meikowe.de\/en\/wp-json\/wp\/v2\/pages"}],"about":[{"href":"https:\/\/meikowe.de\/en\/wp-json\/wp\/v2\/types\/page"}],"author":[{"embeddable":true,"href":"https:\/\/meikowe.de\/en\/wp-json\/wp\/v2\/users\/5"}],"replies":[{"embeddable":true,"href":"https:\/\/meikowe.de\/en\/wp-json\/wp\/v2\/comments?post=32003"}],"version-history":[{"count":8,"href":"https:\/\/meikowe.de\/en\/wp-json\/wp\/v2\/pages\/32003\/revisions"}],"predecessor-version":[{"id":32031,"href":"https:\/\/meikowe.de\/en\/wp-json\/wp\/v2\/pages\/32003\/revisions\/32031"}],"up":[{"embeddable":true,"href":"https:\/\/meikowe.de\/en\/wp-json\/wp\/v2\/pages\/31350"}],"wp:attachment":[{"href":"https:\/\/meikowe.de\/en\/wp-json\/wp\/v2\/media?parent=32003"}],"curies":[{"name":"wp","href":"https:\/\/api.w.org\/{rel}","templated":true}]}}